{"id":38,"date":"2026-03-30T10:40:13","date_gmt":"2026-03-30T10:40:13","guid":{"rendered":"http:\/\/localhost\/WEBBAKEME\/?page_id=38"},"modified":"2026-04-06T10:07:27","modified_gmt":"2026-04-06T10:07:27","slug":"trang-chu","status":"publish","type":"page","link":"https:\/\/bakeme.food\/","title":{"rendered":"Trang Ch\u1ee7"},"content":{"rendered":"\n<p class=\"is-style-text-display is-style-text-display--1\"><br><\/p>\n\n\n\n<p>    <!-- Header & Navigation --><\/p>\n\n\n\n<header>\n<div class=\"header-container\">\n<div class=\"logo-area\">\n<h1 class=\"brand-name\">BakeMe<\/h1>\n<p class=\"tagline\">BakeMe &#8211; V\u1ecb ng\u1ecdt \u0111\u1ebfn tr\u00e1i tim!<\/p>\n<p><\/p><\/div>\n<nav>\n<ul>\n<li><a href=\"#\" class=\"active\">TRANG CH\u1ee6<\/a><\/li>\n<li><a href=\"#\">S\u1ef0 KI\u1ec6N<\/a><\/li>\n<li><a href=\"#\">S\u1ea2N PH\u1ea8M<\/a><\/li>\n<li><a href=\"#\">GI\u1ece H\u00c0NG<\/a><\/li>\n<li><a href=\"#\">\u0110\u00c1NH GI\u00c1<\/a><\/li>\n<li><a href=\"#\">CH\u00cdNH S\u00c1CH<\/a><\/li>\n<\/ul>\n<\/nav><\/div>\n<\/header>\n\n\n\n<p>    <!-- Hero Section --><\/p>\n\n\n\n<section class=\"hero\">\n<div class=\"hero-overlay\">\n<div class=\"hero-content\">\n                <span class=\"welcome-text\">Hello world!<\/span><p><\/p>\n<h2>Kh\u00e1m ph\u00e1 h\u01b0\u01a1ng v\u1ecb ng\u1ecdt ng\u00e0o<\/h2>\n<p>Ch\u00e0o m\u1eebng b\u1ea1n \u0111\u1ebfn v\u1edbi BakeMe. N\u01a1i nh\u1eefng chi\u1ebfc b\u00e1nh Macaron v\u00e0 Chiffon \u0111\u01b0\u1ee3c ra \u0111\u1eddi t\u1eeb s\u1ef1 t\u1eadn t\u00e2m.<\/p>\n<p>                <a href=\"#\" class=\"btn-readmore\">Read More \u00bb<\/a>\n            <\/p><\/div>\n<p><\/p><\/div>\n<\/section>\n\n\n\n<p>    <!-- Sidebar & Content Layout (M\u00f4 ph\u1ecfng giao di\u1ec7n WordPress) --><br>\n    <\/p>\n\n\n\n<main class=\"container\"><p><\/p>\n<div class=\"main-layout\">\n<article class=\"post-preview\">\n                <!-- N\u1ed9i dung b\u00e0i vi\u1ebft ch\u00ednh s\u1ebd \u1edf \u0111\u00e2y --><br>\n            <\/article>\n<aside class=\"sidebar\">\n<div class=\"widget search-widget\">\n                    <input type=\"text\" placeholder=\"Search...\"><br>\n                    <button>Search<\/button>\n                <\/div>\n<div class=\"widget\">\n<h3>Recent Posts<\/h3>\n<ul>\n<li><a href=\"#\">Hello world!<\/a><\/li>\n<\/ul><\/div>\n<div class=\"widget\">\n<h3>Archives<\/h3>\n<ul>\n<li><a href=\"#\">March 2026<\/a><\/li>\n<\/ul><\/div>\n<\/aside><\/div>\n<p>    <\/p><\/main>\n\n\n\n<p><\/p>\n\n\n\n<footer>\n<p>BakeMe 2026 . Powered by BakeMe Team<\/p>\n<\/footer>\n\n\n\n<p><br>\n<\/p>\n","protected":false},"excerpt":{"rendered":"<p>BakeMe BakeMe &#8211; V\u1ecb ng\u1ecdt \u0111\u1ebfn tr\u00e1i tim! TRANG CH\u1ee6 S\u1ef0 KI\u1ec6N S\u1ea2N PH\u1ea8M GI\u1ece H\u00c0NG \u0110\u00c1NH GI\u00c1 CH\u00cdNH S\u00c1CH Hello world! Kh\u00e1m ph\u00e1 h\u01b0\u01a1ng v\u1ecb ng\u1ecdt ng\u00e0o Ch\u00e0o m\u1eebng b\u1ea1n \u0111\u1ebfn v\u1edbi BakeMe. N\u01a1i nh\u1eefng chi\u1ebfc b\u00e1nh Macaron v\u00e0 Chiffon \u0111\u01b0\u1ee3c ra \u0111\u1eddi t\u1eeb s\u1ef1 t\u1eadn t\u00e2m. Read More \u00bb Search Recent Posts Hello [&hellip;]<\/p>\n","protected":false},"author":1,"featured_media":35,"parent":0,"menu_order":0,"comment_status":"closed","ping_status":"closed","template":"","meta":{"footnotes":""},"class_list":["post-38","page","type-page","status-publish","has-post-thumbnail","hentry"],"_links":{"self":[{"href":"https:\/\/bakeme.food\/index.php\/wp-json\/wp\/v2\/pages\/38","targetHints":{"allow":["GET"]}}],"collection":[{"href":"https:\/\/bakeme.food\/index.php\/wp-json\/wp\/v2\/pages"}],"about":[{"href":"https:\/\/bakeme.food\/index.php\/wp-json\/wp\/v2\/types\/page"}],"author":[{"embeddable":true,"href":"https:\/\/bakeme.food\/index.php\/wp-json\/wp\/v2\/users\/1"}],"replies":[{"embeddable":true,"href":"https:\/\/bakeme.food\/index.php\/wp-json\/wp\/v2\/comments?post=38"}],"version-history":[{"count":4,"href":"https:\/\/bakeme.food\/index.php\/wp-json\/wp\/v2\/pages\/38\/revisions"}],"predecessor-version":[{"id":87,"href":"https:\/\/bakeme.food\/index.php\/wp-json\/wp\/v2\/pages\/38\/revisions\/87"}],"wp:featuredmedia":[{"embeddable":true,"href":"https:\/\/bakeme.food\/index.php\/wp-json\/wp\/v2\/media\/35"}],"wp:attachment":[{"href":"https:\/\/bakeme.food\/index.php\/wp-json\/wp\/v2\/media?parent=38"}],"curies":[{"name":"wp","href":"https:\/\/api.w.org\/{rel}","templated":true}]}}