{"id":81,"date":"2026-04-06T09:59:55","date_gmt":"2026-04-06T09:59:55","guid":{"rendered":"http:\/\/localhost\/WEBBAKEME\/?post_type=product&#038;p=81"},"modified":"2026-04-06T09:59:56","modified_gmt":"2026-04-06T09:59:56","slug":"cheese-cake","status":"publish","type":"product","link":"https:\/\/bakeme.food\/index.php\/product\/cheese-cake\/","title":{"rendered":"CHEESE CAKE"},"content":{"rendered":"<p><span data-sheets-root=\"1\">Cheesecake l\u00e0 m\u00f3n tr\u00e1ng mi\u1ec7ng c\u00f3 n\u1ec1n t\u1eeb ph\u00f4 mai, th\u01b0\u1eddng \u0111\u01b0\u1ee3c l\u00e0m b\u1eb1ng c\u00e1ch k\u1ebft h\u1ee3p ph\u00f4 mai m\u1ec1m (nh\u01b0 cream cheese), tr\u1ee9ng, \u0111\u01b0\u1eddng v\u00e0 l\u1edbp \u0111\u1ebf b\u00e1nh quy ho\u1eb7c b\u00e1nh b\u00edch quy nghi\u1ec1n. \u0110\u00e2y l\u00e0 m\u00f3n \u0103n \u0111\u01b0\u1ee3c \u01b0a chu\u1ed9ng to\u00e0n c\u1ea7u nh\u1edd h\u01b0\u01a1ng v\u1ecb b\u00e9o ng\u1eady, m\u1ec1m m\u1ecbn v\u00e0 \u0111a d\u1ea1ng ki\u1ec3u ch\u1ebf bi\u1ebfn.<\/span><\/p>\n","protected":false},"excerpt":{"rendered":"<p><span data-sheets-root=\"1\">Ph\u00f4 mai, tr\u1ee9ng, \u0111\u01b0\u1eddng, kem, \u0111\u1ebf b\u00e1nh quy<\/span><\/p>\n","protected":false},"featured_media":82,"comment_status":"open","ping_status":"closed","template":"","meta":[],"product_brand":[],"product_cat":[20],"product_tag":[],"class_list":{"0":"post-81","1":"product","2":"type-product","3":"status-publish","4":"has-post-thumbnail","6":"product_cat-banh-tay","8":"first","9":"instock","10":"taxable","11":"shipping-taxable","12":"purchasable","13":"product-type-simple"},"_links":{"self":[{"href":"https:\/\/bakeme.food\/index.php\/wp-json\/wp\/v2\/product\/81","targetHints":{"allow":["GET"]}}],"collection":[{"href":"https:\/\/bakeme.food\/index.php\/wp-json\/wp\/v2\/product"}],"about":[{"href":"https:\/\/bakeme.food\/index.php\/wp-json\/wp\/v2\/types\/product"}],"replies":[{"embeddable":true,"href":"https:\/\/bakeme.food\/index.php\/wp-json\/wp\/v2\/comments?post=81"}],"wp:featuredmedia":[{"embeddable":true,"href":"https:\/\/bakeme.food\/index.php\/wp-json\/wp\/v2\/media\/82"}],"wp:attachment":[{"href":"https:\/\/bakeme.food\/index.php\/wp-json\/wp\/v2\/media?parent=81"}],"wp:term":[{"taxonomy":"product_brand","embeddable":true,"href":"https:\/\/bakeme.food\/index.php\/wp-json\/wp\/v2\/product_brand?post=81"},{"taxonomy":"product_cat","embeddable":true,"href":"https:\/\/bakeme.food\/index.php\/wp-json\/wp\/v2\/product_cat?post=81"},{"taxonomy":"product_tag","embeddable":true,"href":"https:\/\/bakeme.food\/index.php\/wp-json\/wp\/v2\/product_tag?post=81"}],"curies":[{"name":"wp","href":"https:\/\/api.w.org\/{rel}","templated":true}]}}